{"id":812,"date":"2023-09-06T14:04:28","date_gmt":"2023-09-06T11:04:28","guid":{"rendered":"https:\/\/prowebdesign.eu\/bestautorent\/?page_id=812"},"modified":"2023-09-06T14:15:08","modified_gmt":"2023-09-06T11:15:08","slug":"crossover","status":"publish","type":"page","link":"https:\/\/bestautorent.md\/ro\/crossover\/","title":{"rendered":"CROSSOVER"},"content":{"rendered":"<div class=\"wrap plugin-container\">\n\n\t\n\t\n\t\t<div class=\"vrc-search-results-block\">\r\n\r\n\t<div class=\"car_result\">\r\n\t\t<div class=\"vrc-car-result-left\">\r\n\t\t\t\t\t<img decoding=\"async\" class=\"imgresult\" alt=\"Renault Kadjar Alb\" src=\"https:\/\/bestautorent.md\/wp-content\/plugins\/vikrentcar\/admin\/resources\/vthumb_1_whatsapp_2024-07-24__14.02.24_6e18d4ea.jpg\"\/>\r\n\t\t\t\t\t<\/div>\r\n\t\t<div class=\"vrc-car-result-right\">\r\n\t\t\t<div class=\"vrc-car-result-rightinner\">\r\n\t\t\t\t<div class=\"vrc-car-result-rightinner-deep\">\r\n\t\t\t\t\t<div class=\"vrc-car-result-inner\">\r\n\t\t\t\t\t\t<h4 class=\"vrc-car-name\">\r\n\t\t\t\t\t\t\t<a href=\"https:\/\/bestautorent.md\/ro\/crossover\/?option=com_vikrentcar&amp;view=cardetails&amp;carid=21\">Renault Kadjar Alb<\/a>\r\n\t\t\t\t\t\t<\/h4>\r\n\t\t\t\t\t\t\t\t\t\t\t<div class=\"vrc-car-category\">CROSSOVER<\/div>\r\n\t\t\t\t\t\t\t\t\t\t\t\t<div class=\"vrc-car-result-description\">\r\n\t\t\t\t\t\tOferim ma\u0219ini de \u00eenchiriat de \u00eenalt\u0103 calitate pentru necesit\u0103\u021bile dumneavoastr\u0103. Punem la dispozi\u021bie elegan\u021b\u0103, confort \u0219i flexibilitate pentru fiecare destina\u021bie. Rezerva\u021bi acum pentru a experimenta c\u0103l\u0103torii f\u0103r\u0103 compromis!\r\n\r\n<b><i>Depozitul pentru aceast\u0103 ma\u0219in\u0103 este de 100 \u20ac<\/i><\/b>\t\t\t\t\t\t<\/div>\r\n\t\t\t\t\t\t\t\t\t\t\t\t\t<div class=\"vrc-car-characteristics\">\r\n\t\t\t\t\t\t\t\t<div class=\"vrccaratsdiv\"><div class=\"vrccarcarat\"><span class=\"vrc-carat-cont\"><span class=\"vrc-expl\" data-vrc-expl=\"Automatic\"><i class=\"fas fa-cog\"><\/i> Automat<\/span><\/span>\n<\/div><div class=\"vrccarcarat\"><span class=\"vrc-carat-cont\"><span class=\"vrc-expl\" data-vrc-expl=\"Diesel\"><i class=\"fas fa-gas-pump\"><\/i> Diesel<\/span><\/span>\n<\/div><div class=\"vrccarcarat\"><span class=\"vrc-carat-cont\"><span class=\"vrc-expl\" data-vrc-expl=\"2020\"><i class=\"fas fa-car\"><\/i> 2020<\/span><\/span>\n<\/div><div class=\"vrccarcarat\"><span class=\"vrc-carat-cont\"><span class=\"vrc-expl\" data-vrc-expl=\"Engine capacity: 1.5\"><i class=\"fas fa-cogs\"><\/i> Motor: 1.5<\/span><\/span>\n<\/div><div class=\"vrccarcarat\"><span class=\"vrc-carat-cont\"><span class=\"vrc-expl\" data-vrc-expl=\"Seats: 5\"><i class=\"fa fa-users\"><\/i> Locuri: 5<\/span><\/span>\n<\/div><\/div>\n\t\t\t\t\t\t\t<\/div>\r\n\t\t\t\t\t\t\t\t\t\t\t\t<\/div>\r\n\t\t\t\t\t<div class=\"vrc-car-lastblock\">\r\n\t\t\t\t\t\t<div class=\"vrc-car-price\">\r\n\t\t\t\t\t\t\t<div class=\"vrcsrowpricediv\">\r\n\t\t\t\t\t\t\t\t\t\t\t\t\t\t\t<span class=\"vrcstartfrom\">De la<\/span>\r\n\t\t\t\t\t\t\t\t<span class=\"car_cost\"> <span class=\"vrc_price\">35<\/span><span class=\"vrc_currency\">\u20ac<\/span>\/ Zi<\/span>\r\n\t\t\t\t\t\t\t\t\t\t\t\t\t\t<\/div>\r\n\t\t\t\t\t\t<\/div>\r\n\t\t\t\t\t\t<div class=\"vrc-car-bookingbtn\">\r\n\t\t\t\t\t\t\t<span class=\"vrclistgoon\"><a class=\"btn vrc-pref-color-btn\" href=\"https:\/\/bestautorent.md\/ro\/crossover\/?option=com_vikrentcar&amp;view=cardetails&amp;carid=21\">Rezerv\u0103 acum<\/a><\/span>\r\n\t\t\t\t\t\t<\/div>\r\n\t\t\t\t\t<\/div>\r\n\t\t\t\t<\/div>\r\n\t\t\t<\/div>\r\n\t\t<\/div>\r\n\t<\/div>\r\n\t<div class=\"car_separator\"><\/div>\r\n\t\t<div class=\"car_result\">\r\n\t\t<div class=\"vrc-car-result-left\">\r\n\t\t\t\t\t<img decoding=\"async\" class=\"imgresult\" alt=\"Renault Kadjar Albastru\" src=\"https:\/\/bestautorent.md\/wp-content\/plugins\/vikrentcar\/admin\/resources\/vthumb__whatsapp_2024-07-24__15.30.29_213a7de5.jpg\"\/>\r\n\t\t\t\t\t<\/div>\r\n\t\t<div class=\"vrc-car-result-right\">\r\n\t\t\t<div class=\"vrc-car-result-rightinner\">\r\n\t\t\t\t<div class=\"vrc-car-result-rightinner-deep\">\r\n\t\t\t\t\t<div class=\"vrc-car-result-inner\">\r\n\t\t\t\t\t\t<h4 class=\"vrc-car-name\">\r\n\t\t\t\t\t\t\t<a href=\"https:\/\/bestautorent.md\/ro\/crossover\/?option=com_vikrentcar&amp;view=cardetails&amp;carid=23\">Renault Kadjar Albastru<\/a>\r\n\t\t\t\t\t\t<\/h4>\r\n\t\t\t\t\t\t\t\t\t\t\t<div class=\"vrc-car-category\">CROSSOVER<\/div>\r\n\t\t\t\t\t\t\t\t\t\t\t\t<div class=\"vrc-car-result-description\">\r\n\t\t\t\t\t\tOferim ma\u0219ini de \u00eenchiriat de \u00eenalt\u0103 calitate pentru necesit\u0103\u021bile dumneavoastr\u0103. Punem la dispozi\u021bie elegan\u021b\u0103, confort \u0219i flexibilitate pentru fiecare destina\u021bie. Rezerva\u021bi acum pentru a experimenta c\u0103l\u0103torii f\u0103r\u0103 compromis!\r\n\r\n<b><i>Depozitul pentru aceast\u0103 ma\u0219in\u0103 este de 300 \u20ac<\/i><\/b>\t\t\t\t\t\t<\/div>\r\n\t\t\t\t\t\t\t\t\t\t\t\t\t<div class=\"vrc-car-characteristics\">\r\n\t\t\t\t\t\t\t\t<div class=\"vrccaratsdiv\"><div class=\"vrccarcarat\"><span class=\"vrc-carat-cont\"><span class=\"vrc-expl\" data-vrc-expl=\"Automatic\"><i class=\"fas fa-cog\"><\/i> Automat<\/span><\/span>\n<\/div><div class=\"vrccarcarat\"><span class=\"vrc-carat-cont\"><span class=\"vrc-expl\" data-vrc-expl=\"Diesel\"><i class=\"fas fa-gas-pump\"><\/i> Diesel<\/span><\/span>\n<\/div><div class=\"vrccarcarat\"><span class=\"vrc-carat-cont\"><span class=\"vrc-expl\" data-vrc-expl=\"2020\"><i class=\"fas fa-car\"><\/i> 2020<\/span><\/span>\n<\/div><div class=\"vrccarcarat\"><span class=\"vrc-carat-cont\"><span class=\"vrc-expl\" data-vrc-expl=\"Engine capacity: 1.5\"><i class=\"fas fa-cogs\"><\/i> Motor: 1.5<\/span><\/span>\n<\/div><div class=\"vrccarcarat\"><span class=\"vrc-carat-cont\"><span class=\"vrc-expl\" data-vrc-expl=\"Seats: 5\"><i class=\"fa fa-users\"><\/i> Locuri: 5<\/span><\/span>\n<\/div><\/div>\n\t\t\t\t\t\t\t<\/div>\r\n\t\t\t\t\t\t\t\t\t\t\t\t<\/div>\r\n\t\t\t\t\t<div class=\"vrc-car-lastblock\">\r\n\t\t\t\t\t\t<div class=\"vrc-car-price\">\r\n\t\t\t\t\t\t\t<div class=\"vrcsrowpricediv\">\r\n\t\t\t\t\t\t\t\t\t\t\t\t\t\t\t<span class=\"vrcstartfrom\">De la<\/span>\r\n\t\t\t\t\t\t\t\t<span class=\"car_cost\"> <span class=\"vrc_price\">35<\/span><span class=\"vrc_currency\">\u20ac<\/span>\/ Zi<\/span>\r\n\t\t\t\t\t\t\t\t\t\t\t\t\t\t<\/div>\r\n\t\t\t\t\t\t<\/div>\r\n\t\t\t\t\t\t<div class=\"vrc-car-bookingbtn\">\r\n\t\t\t\t\t\t\t<span class=\"vrclistgoon\"><a class=\"btn vrc-pref-color-btn\" href=\"https:\/\/bestautorent.md\/ro\/crossover\/?option=com_vikrentcar&amp;view=cardetails&amp;carid=23\">Rezerv\u0103 acum<\/a><\/span>\r\n\t\t\t\t\t\t<\/div>\r\n\t\t\t\t\t<\/div>\r\n\t\t\t\t<\/div>\r\n\t\t\t<\/div>\r\n\t\t<\/div>\r\n\t<\/div>\r\n\t<div class=\"car_separator\"><\/div>\r\n\t\t<div class=\"car_result\">\r\n\t\t<div class=\"vrc-car-result-left\">\r\n\t\t\t\t\t<img decoding=\"async\" class=\"imgresult\" alt=\"Peugeot 3008\" src=\"https:\/\/bestautorent.md\/wp-content\/plugins\/vikrentcar\/admin\/resources\/vthumb__whatsapp_2024-07-24__14.31.34_d4912ba3.jpg\"\/>\r\n\t\t\t\t\t<\/div>\r\n\t\t<div class=\"vrc-car-result-right\">\r\n\t\t\t<div class=\"vrc-car-result-rightinner\">\r\n\t\t\t\t<div class=\"vrc-car-result-rightinner-deep\">\r\n\t\t\t\t\t<div class=\"vrc-car-result-inner\">\r\n\t\t\t\t\t\t<h4 class=\"vrc-car-name\">\r\n\t\t\t\t\t\t\t<a href=\"https:\/\/bestautorent.md\/ro\/crossover\/?option=com_vikrentcar&amp;view=cardetails&amp;carid=24\">Peugeot 3008<\/a>\r\n\t\t\t\t\t\t<\/h4>\r\n\t\t\t\t\t\t\t\t\t\t\t<div class=\"vrc-car-category\">CROSSOVER<\/div>\r\n\t\t\t\t\t\t\t\t\t\t\t\t<div class=\"vrc-car-result-description\">\r\n\t\t\t\t\t\tOferim ma\u0219ini de \u00eenchiriat de \u00eenalt\u0103 calitate pentru necesit\u0103\u021bile dumneavoastr\u0103. Punem la dispozi\u021bie elegan\u021b\u0103, confort \u0219i flexibilitate pentru fiecare destina\u021bie. Rezerva\u021bi acum pentru a experimenta c\u0103l\u0103torii f\u0103r\u0103 compromis!\r\n\r\n<b><i>Depozitul pentru aceast\u0103 ma\u0219in\u0103 este de 100 \u20ac<\/i><\/b>\t\t\t\t\t\t<\/div>\r\n\t\t\t\t\t\t\t\t\t\t\t\t\t<div class=\"vrc-car-characteristics\">\r\n\t\t\t\t\t\t\t\t<div class=\"vrccaratsdiv\"><div class=\"vrccarcarat\"><span class=\"vrc-carat-cont\"><span class=\"vrc-expl\" data-vrc-expl=\"Automatic\"><i class=\"fas fa-cog\"><\/i> Automat<\/span><\/span>\n<\/div><div class=\"vrccarcarat\"><span class=\"vrc-carat-cont\"><span class=\"vrc-expl\" data-vrc-expl=\"Diesel\"><i class=\"fas fa-gas-pump\"><\/i> Diesel<\/span><\/span>\n<\/div><div class=\"vrccarcarat\"><span class=\"vrc-carat-cont\"><span class=\"vrc-expl\" data-vrc-expl=\"2020\"><i class=\"fas fa-car\"><\/i> 2020<\/span><\/span>\n<\/div><div class=\"vrccarcarat\"><span class=\"vrc-carat-cont\"><span class=\"vrc-expl\" data-vrc-expl=\"Engine capacity: 1.6\"><i class=\"fas fa-cogs\"><\/i> Motor: 1.6<\/span><\/span>\n<\/div><div class=\"vrccarcarat\"><span class=\"vrc-carat-cont\"><span class=\"vrc-expl\" data-vrc-expl=\"Seats: 5\"><i class=\"fa fa-users\"><\/i> Locuri: 5<\/span><\/span>\n<\/div><\/div>\n\t\t\t\t\t\t\t<\/div>\r\n\t\t\t\t\t\t\t\t\t\t\t\t<\/div>\r\n\t\t\t\t\t<div class=\"vrc-car-lastblock\">\r\n\t\t\t\t\t\t<div class=\"vrc-car-price\">\r\n\t\t\t\t\t\t\t<div class=\"vrcsrowpricediv\">\r\n\t\t\t\t\t\t\t\t\t\t\t\t\t\t\t<span class=\"vrcstartfrom\">De la<\/span>\r\n\t\t\t\t\t\t\t\t<span class=\"car_cost\"> <span class=\"vrc_price\">40<\/span><span class=\"vrc_currency\">\u20ac<\/span>\/ Zi<\/span>\r\n\t\t\t\t\t\t\t\t\t\t\t\t\t\t<\/div>\r\n\t\t\t\t\t\t<\/div>\r\n\t\t\t\t\t\t<div class=\"vrc-car-bookingbtn\">\r\n\t\t\t\t\t\t\t<span class=\"vrclistgoon\"><a class=\"btn vrc-pref-color-btn\" href=\"https:\/\/bestautorent.md\/ro\/crossover\/?option=com_vikrentcar&amp;view=cardetails&amp;carid=24\">Rezerv\u0103 acum<\/a><\/span>\r\n\t\t\t\t\t\t<\/div>\r\n\t\t\t\t\t<\/div>\r\n\t\t\t\t<\/div>\r\n\t\t\t<\/div>\r\n\t\t<\/div>\r\n\t<\/div>\r\n\t<div class=\"car_separator\"><\/div>\r\n\t\t<div class=\"car_result\">\r\n\t\t<div class=\"vrc-car-result-left\">\r\n\t\t\t\t\t<img decoding=\"async\" class=\"imgresult\" alt=\"Dacia Duster Verde\" src=\"https:\/\/bestautorent.md\/wp-content\/plugins\/vikrentcar\/admin\/resources\/vthumb__whatsapp_2024-07-24__14.31.34_09abba5e.jpg\"\/>\r\n\t\t\t\t\t<\/div>\r\n\t\t<div class=\"vrc-car-result-right\">\r\n\t\t\t<div class=\"vrc-car-result-rightinner\">\r\n\t\t\t\t<div class=\"vrc-car-result-rightinner-deep\">\r\n\t\t\t\t\t<div class=\"vrc-car-result-inner\">\r\n\t\t\t\t\t\t<h4 class=\"vrc-car-name\">\r\n\t\t\t\t\t\t\t<a href=\"https:\/\/bestautorent.md\/ro\/crossover\/?option=com_vikrentcar&amp;view=cardetails&amp;carid=20\">Dacia Duster Verde<\/a>\r\n\t\t\t\t\t\t<\/h4>\r\n\t\t\t\t\t\t\t\t\t\t\t<div class=\"vrc-car-category\">CROSSOVER<\/div>\r\n\t\t\t\t\t\t\t\t\t\t\t\t<div class=\"vrc-car-result-description\">\r\n\t\t\t\t\t\tOferim ma\u0219ini de \u00eenchiriat de \u00eenalt\u0103 calitate pentru necesit\u0103\u021bile dumneavoastr\u0103. Punem la dispozi\u021bie elegan\u021b\u0103, confort \u0219i flexibilitate pentru fiecare destina\u021bie. Rezerva\u021bi acum pentru a experimenta c\u0103l\u0103torii f\u0103r\u0103 compromis!\r\n\r\n<b><i>Depozitul pentru aceast\u0103 ma\u0219in\u0103 este de 300 \u20ac<\/i><\/b>\t\t\t\t\t\t<\/div>\r\n\t\t\t\t\t\t\t\t\t\t\t\t\t<div class=\"vrc-car-characteristics\">\r\n\t\t\t\t\t\t\t\t<div class=\"vrccaratsdiv\"><div class=\"vrccarcarat\"><span class=\"vrc-carat-cont\"><span class=\"vrc-expl\" data-vrc-expl=\"Automatic\"><i class=\"fas fa-cog\"><\/i> Automat<\/span><\/span>\n<\/div><div class=\"vrccarcarat\"><span class=\"vrc-carat-cont\"><span class=\"vrc-expl\" data-vrc-expl=\"Diesel\"><i class=\"fas fa-gas-pump\"><\/i> Diesel<\/span><\/span>\n<\/div><div class=\"vrccarcarat\"><span class=\"vrc-carat-cont\"><span class=\"vrc-expl\" data-vrc-expl=\"2023\"><i class=\"fas fa-car\"><\/i> 2023<\/span><\/span>\n<\/div><div class=\"vrccarcarat\"><span class=\"vrc-carat-cont\"><span class=\"vrc-expl\" data-vrc-expl=\"Engine capacity: 1.5\"><i class=\"fas fa-cogs\"><\/i> Motor: 1.5<\/span><\/span>\n<\/div><div class=\"vrccarcarat\"><span class=\"vrc-carat-cont\"><span class=\"vrc-expl\" data-vrc-expl=\"Seats: 5\"><i class=\"fa fa-users\"><\/i> Locuri: 5<\/span><\/span>\n<\/div><\/div>\n\t\t\t\t\t\t\t<\/div>\r\n\t\t\t\t\t\t\t\t\t\t\t\t<\/div>\r\n\t\t\t\t\t<div class=\"vrc-car-lastblock\">\r\n\t\t\t\t\t\t<div class=\"vrc-car-price\">\r\n\t\t\t\t\t\t\t<div class=\"vrcsrowpricediv\">\r\n\t\t\t\t\t\t\t\t\t\t\t\t\t\t\t<span class=\"vrcstartfrom\">De la<\/span>\r\n\t\t\t\t\t\t\t\t<span class=\"car_cost\"> <span class=\"vrc_price\">38<\/span><span class=\"vrc_currency\">\u20ac<\/span>\/ Zi<\/span>\r\n\t\t\t\t\t\t\t\t\t\t\t\t\t\t<\/div>\r\n\t\t\t\t\t\t<\/div>\r\n\t\t\t\t\t\t<div class=\"vrc-car-bookingbtn\">\r\n\t\t\t\t\t\t\t<span class=\"vrclistgoon\"><a class=\"btn vrc-pref-color-btn\" href=\"https:\/\/bestautorent.md\/ro\/crossover\/?option=com_vikrentcar&amp;view=cardetails&amp;carid=20\">Rezerv\u0103 acum<\/a><\/span>\r\n\t\t\t\t\t\t<\/div>\r\n\t\t\t\t\t<\/div>\r\n\t\t\t\t<\/div>\r\n\t\t\t<\/div>\r\n\t\t<\/div>\r\n\t<\/div>\r\n\t<div class=\"car_separator\"><\/div>\r\n\t\t<div class=\"car_result\">\r\n\t\t<div class=\"vrc-car-result-left\">\r\n\t\t\t\t\t<img decoding=\"async\" class=\"imgresult\" alt=\"Dacia Duster Gri\" src=\"https:\/\/bestautorent.md\/wp-content\/plugins\/vikrentcar\/admin\/resources\/vthumb_daciaduster2023gri.png\"\/>\r\n\t\t\t\t\t<\/div>\r\n\t\t<div class=\"vrc-car-result-right\">\r\n\t\t\t<div class=\"vrc-car-result-rightinner\">\r\n\t\t\t\t<div class=\"vrc-car-result-rightinner-deep\">\r\n\t\t\t\t\t<div class=\"vrc-car-result-inner\">\r\n\t\t\t\t\t\t<h4 class=\"vrc-car-name\">\r\n\t\t\t\t\t\t\t<a href=\"https:\/\/bestautorent.md\/ro\/crossover\/?option=com_vikrentcar&amp;view=cardetails&amp;carid=25\">Dacia Duster Gri<\/a>\r\n\t\t\t\t\t\t<\/h4>\r\n\t\t\t\t\t\t\t\t\t\t\t<div class=\"vrc-car-category\">CROSSOVER<\/div>\r\n\t\t\t\t\t\t\t\t\t\t\t\t<div class=\"vrc-car-result-description\">\r\n\t\t\t\t\t\tOferim ma\u0219ini de \u00eenchiriat de \u00eenalt\u0103 calitate pentru necesit\u0103\u021bile dumneavoastr\u0103. Punem la dispozi\u021bie elegan\u021b\u0103, confort \u0219i flexibilitate pentru fiecare destina\u021bie. Rezerva\u021bi acum pentru a experimenta c\u0103l\u0103torii f\u0103r\u0103 compromis!\r\n\r\n<b><i>Deposit for this car is 150 \u20ac<\/i><\/b>\t\t\t\t\t\t<\/div>\r\n\t\t\t\t\t\t\t\t\t\t\t\t\t<div class=\"vrc-car-characteristics\">\r\n\t\t\t\t\t\t\t\t<div class=\"vrccaratsdiv\"><div class=\"vrccarcarat\"><span class=\"vrc-carat-cont\"><span class=\"vrc-expl\" data-vrc-expl=\"Automatic\"><i class=\"fas fa-cog\"><\/i> Automat<\/span><\/span>\n<\/div><div class=\"vrccarcarat\"><span class=\"vrc-carat-cont\"><span class=\"vrc-expl\" data-vrc-expl=\"Diesel\"><i class=\"fas fa-gas-pump\"><\/i> Diesel<\/span><\/span>\n<\/div><div class=\"vrccarcarat\"><span class=\"vrc-carat-cont\"><span class=\"vrc-expl\" data-vrc-expl=\"2023\"><i class=\"fas fa-car\"><\/i> 2023<\/span><\/span>\n<\/div><div class=\"vrccarcarat\"><span class=\"vrc-carat-cont\"><span class=\"vrc-expl\" data-vrc-expl=\"Engine capacity: 1.5\"><i class=\"fas fa-cogs\"><\/i> Motor: 1.5<\/span><\/span>\n<\/div><div class=\"vrccarcarat\"><span class=\"vrc-carat-cont\"><span class=\"vrc-expl\" data-vrc-expl=\"Seats: 5\"><i class=\"fa fa-users\"><\/i> Locuri: 5<\/span><\/span>\n<\/div><\/div>\n\t\t\t\t\t\t\t<\/div>\r\n\t\t\t\t\t\t\t\t\t\t\t\t<\/div>\r\n\t\t\t\t\t<div class=\"vrc-car-lastblock\">\r\n\t\t\t\t\t\t<div class=\"vrc-car-price\">\r\n\t\t\t\t\t\t\t<div class=\"vrcsrowpricediv\">\r\n\t\t\t\t\t\t\t\t\t\t\t\t\t\t\t<span class=\"vrcstartfrom\">De la<\/span>\r\n\t\t\t\t\t\t\t\t<span class=\"car_cost\"> <span class=\"vrc_price\">38<\/span><span class=\"vrc_currency\">\u20ac<\/span>\/ Zi<\/span>\r\n\t\t\t\t\t\t\t\t\t\t\t\t\t\t<\/div>\r\n\t\t\t\t\t\t<\/div>\r\n\t\t\t\t\t\t<div class=\"vrc-car-bookingbtn\">\r\n\t\t\t\t\t\t\t<span class=\"vrclistgoon\"><a class=\"btn vrc-pref-color-btn\" href=\"https:\/\/bestautorent.md\/ro\/crossover\/?option=com_vikrentcar&amp;view=cardetails&amp;carid=25\">Rezerv\u0103 acum<\/a><\/span>\r\n\t\t\t\t\t\t<\/div>\r\n\t\t\t\t\t<\/div>\r\n\t\t\t\t<\/div>\r\n\t\t\t<\/div>\r\n\t\t<\/div>\r\n\t<\/div>\r\n\t<div class=\"car_separator\"><\/div>\r\n\t<\/div>\r\n\r\n<script type=\"text\/javascript\">\r\njQuery(document).ready(function() {\r\n\tif (jQuery('.car_result').length) {\r\n\t\tjQuery('.car_result').each(function() {\r\n\t\t\tvar car_img = jQuery(this).find('.vrc-car-result-left').find('img');\r\n\t\t\tif (car_img.length) {\r\n\t\t\t\tjQuery(this).find('.vrc-car-result-right').find('.vrc-car-result-rightinner').find('.vrc-car-result-rightinner-deep').find('.vrc-car-result-inner').css('min-height', car_img.height()+'px');\r\n\t\t\t}\r\n\t\t});\r\n\t};\r\n});\r\n<\/script>\r\n\n<\/div>","protected":false},"excerpt":{"rendered":"","protected":false},"author":2,"featured_media":821,"parent":0,"menu_order":0,"comment_status":"closed","ping_status":"closed","template":"","meta":{"footnotes":""},"class_list":["post-812","page","type-page","status-publish","has-post-thumbnail","hentry"],"yoast_head":"<!-- This site is optimized with the Yoast SEO Premium plugin v20.4 (Yoast SEO v21.3) - https:\/\/yoast.com\/wordpress\/plugins\/seo\/ -->\n<title>CROSSOVER - BEST AUTO RENT<\/title>\n<meta name=\"robots\" content=\"index, follow, max-snippet:-1, max-image-preview:large, max-video-preview:-1\" \/>\n<link rel=\"canonical\" href=\"https:\/\/bestautorent.md\/ro\/crossover\/\" \/>\n<meta property=\"og:locale\" content=\"ro_RO\" \/>\n<meta property=\"og:type\" content=\"article\" \/>\n<meta property=\"og:title\" content=\"CROSSOVER\" \/>\n<meta property=\"og:url\" content=\"https:\/\/bestautorent.md\/ro\/crossover\/\" \/>\n<meta property=\"og:site_name\" content=\"BEST AUTO RENT\" \/>\n<meta property=\"article:publisher\" content=\"https:\/\/www.facebook.com\/BestAutoRent.069346067\" \/>\n<meta property=\"article:modified_time\" content=\"2023-09-06T11:15:08+00:00\" \/>\n<meta property=\"og:image\" content=\"https:\/\/bestautorent.md\/wp-content\/uploads\/2023\/09\/crossover-header.png\" \/>\n\t<meta property=\"og:image:width\" content=\"814\" \/>\n\t<meta property=\"og:image:height\" content=\"315\" \/>\n\t<meta property=\"og:image:type\" content=\"image\/png\" \/>\n<meta name=\"twitter:card\" content=\"summary_large_image\" \/>\n<meta name=\"twitter:label1\" content=\"Timp estimat pentru citire\" \/>\n\t<meta name=\"twitter:data1\" content=\"1 minut\" \/>\n<script type=\"application\/ld+json\" class=\"yoast-schema-graph\">{\"@context\":\"https:\/\/schema.org\",\"@graph\":[{\"@type\":\"WebPage\",\"@id\":\"https:\/\/bestautorent.md\/crossover\/\",\"url\":\"https:\/\/bestautorent.md\/crossover\/\",\"name\":\"CROSSOVER - BEST AUTO RENT\",\"isPartOf\":{\"@id\":\"https:\/\/bestautorent.md\/#website\"},\"datePublished\":\"2023-09-06T11:04:28+00:00\",\"dateModified\":\"2023-09-06T11:15:08+00:00\",\"breadcrumb\":{\"@id\":\"https:\/\/bestautorent.md\/crossover\/#breadcrumb\"},\"inLanguage\":\"ro-RO\",\"potentialAction\":[{\"@type\":\"ReadAction\",\"target\":[\"https:\/\/bestautorent.md\/crossover\/\"]}]},{\"@type\":\"BreadcrumbList\",\"@id\":\"https:\/\/bestautorent.md\/crossover\/#breadcrumb\",\"itemListElement\":[{\"@type\":\"ListItem\",\"position\":1,\"name\":\"Home\",\"item\":\"https:\/\/bestautorent.md\/\"},{\"@type\":\"ListItem\",\"position\":2,\"name\":\"CROSSOVER\"}]},{\"@type\":\"WebSite\",\"@id\":\"https:\/\/bestautorent.md\/#website\",\"url\":\"https:\/\/bestautorent.md\/\",\"name\":\"BEST AUTO RENT\",\"description\":\"PICK YOUR FAVORITE CAR\",\"publisher\":{\"@id\":\"https:\/\/bestautorent.md\/#organization\"},\"potentialAction\":[{\"@type\":\"SearchAction\",\"target\":{\"@type\":\"EntryPoint\",\"urlTemplate\":\"https:\/\/bestautorent.md\/?s={search_term_string}\"},\"query-input\":\"required name=search_term_string\"}],\"inLanguage\":\"ro-RO\"},{\"@type\":\"Organization\",\"@id\":\"https:\/\/bestautorent.md\/#organization\",\"name\":\"BEST AUTO RENT\",\"alternateName\":\"BEST AUTO RENT\",\"url\":\"https:\/\/bestautorent.md\/\",\"logo\":{\"@type\":\"ImageObject\",\"inLanguage\":\"ro-RO\",\"@id\":\"https:\/\/bestautorent.md\/#\/schema\/logo\/image\/\",\"url\":\"https:\/\/bestautorent.md\/wp-content\/uploads\/2023\/09\/favlogobestautorent.png\",\"contentUrl\":\"https:\/\/bestautorent.md\/wp-content\/uploads\/2023\/09\/favlogobestautorent.png\",\"width\":1200,\"height\":800,\"caption\":\"BEST AUTO RENT\"},\"image\":{\"@id\":\"https:\/\/bestautorent.md\/#\/schema\/logo\/image\/\"},\"sameAs\":[\"https:\/\/www.facebook.com\/BestAutoRent.069346067\"]}]}<\/script>\n<!-- \/ Yoast SEO Premium plugin. -->","yoast_head_json":{"title":"CROSSOVER - BEST AUTO RENT","robots":{"index":"index","follow":"follow","max-snippet":"max-snippet:-1","max-image-preview":"max-image-preview:large","max-video-preview":"max-video-preview:-1"},"canonical":"https:\/\/bestautorent.md\/ro\/crossover\/","og_locale":"ro_RO","og_type":"article","og_title":"CROSSOVER","og_url":"https:\/\/bestautorent.md\/ro\/crossover\/","og_site_name":"BEST AUTO RENT","article_publisher":"https:\/\/www.facebook.com\/BestAutoRent.069346067","article_modified_time":"2023-09-06T11:15:08+00:00","og_image":[{"width":814,"height":315,"url":"https:\/\/bestautorent.md\/wp-content\/uploads\/2023\/09\/crossover-header.png","type":"image\/png"}],"twitter_card":"summary_large_image","twitter_misc":{"Timp estimat pentru citire":"1 minut"},"schema":{"@context":"https:\/\/schema.org","@graph":[{"@type":"WebPage","@id":"https:\/\/bestautorent.md\/crossover\/","url":"https:\/\/bestautorent.md\/crossover\/","name":"CROSSOVER - BEST AUTO RENT","isPartOf":{"@id":"https:\/\/bestautorent.md\/#website"},"datePublished":"2023-09-06T11:04:28+00:00","dateModified":"2023-09-06T11:15:08+00:00","breadcrumb":{"@id":"https:\/\/bestautorent.md\/crossover\/#breadcrumb"},"inLanguage":"ro-RO","potentialAction":[{"@type":"ReadAction","target":["https:\/\/bestautorent.md\/crossover\/"]}]},{"@type":"BreadcrumbList","@id":"https:\/\/bestautorent.md\/crossover\/#breadcrumb","itemListElement":[{"@type":"ListItem","position":1,"name":"Home","item":"https:\/\/bestautorent.md\/"},{"@type":"ListItem","position":2,"name":"CROSSOVER"}]},{"@type":"WebSite","@id":"https:\/\/bestautorent.md\/#website","url":"https:\/\/bestautorent.md\/","name":"BEST AUTO RENT","description":"PICK YOUR FAVORITE CAR","publisher":{"@id":"https:\/\/bestautorent.md\/#organization"},"potentialAction":[{"@type":"SearchAction","target":{"@type":"EntryPoint","urlTemplate":"https:\/\/bestautorent.md\/?s={search_term_string}"},"query-input":"required name=search_term_string"}],"inLanguage":"ro-RO"},{"@type":"Organization","@id":"https:\/\/bestautorent.md\/#organization","name":"BEST AUTO RENT","alternateName":"BEST AUTO RENT","url":"https:\/\/bestautorent.md\/","logo":{"@type":"ImageObject","inLanguage":"ro-RO","@id":"https:\/\/bestautorent.md\/#\/schema\/logo\/image\/","url":"https:\/\/bestautorent.md\/wp-content\/uploads\/2023\/09\/favlogobestautorent.png","contentUrl":"https:\/\/bestautorent.md\/wp-content\/uploads\/2023\/09\/favlogobestautorent.png","width":1200,"height":800,"caption":"BEST AUTO RENT"},"image":{"@id":"https:\/\/bestautorent.md\/#\/schema\/logo\/image\/"},"sameAs":["https:\/\/www.facebook.com\/BestAutoRent.069346067"]}]}},"_links":{"self":[{"href":"https:\/\/bestautorent.md\/ro\/wp-json\/wp\/v2\/pages\/812","targetHints":{"allow":["GET"]}}],"collection":[{"href":"https:\/\/bestautorent.md\/ro\/wp-json\/wp\/v2\/pages"}],"about":[{"href":"https:\/\/bestautorent.md\/ro\/wp-json\/wp\/v2\/types\/page"}],"author":[{"embeddable":true,"href":"https:\/\/bestautorent.md\/ro\/wp-json\/wp\/v2\/users\/2"}],"replies":[{"embeddable":true,"href":"https:\/\/bestautorent.md\/ro\/wp-json\/wp\/v2\/comments?post=812"}],"version-history":[{"count":0,"href":"https:\/\/bestautorent.md\/ro\/wp-json\/wp\/v2\/pages\/812\/revisions"}],"wp:featuredmedia":[{"embeddable":true,"href":"https:\/\/bestautorent.md\/ro\/wp-json\/wp\/v2\/media\/821"}],"wp:attachment":[{"href":"https:\/\/bestautorent.md\/ro\/wp-json\/wp\/v2\/media?parent=812"}],"curies":[{"name":"wp","href":"https:\/\/api.w.org\/{rel}","templated":true}]}}