{"id":84,"date":"2023-07-04T10:56:36","date_gmt":"2023-07-04T07:56:36","guid":{"rendered":"https:\/\/prowebdesign.eu\/bestautorent\/contact-us-2\/"},"modified":"2023-08-30T14:46:26","modified_gmt":"2023-08-30T11:46:26","slug":"contact","status":"publish","type":"page","link":"https:\/\/bestautorent.md\/ro\/contact\/","title":{"rendered":"Contacte"},"content":{"rendered":"<p class=\"has-text-align-center has-medium-font-size\">Dac\u0103 ave\u021bi \u00eentreb\u0103ri, v\u0103 rug\u0103m s\u0103 nu ezita\u021bi s\u0103 ne contacta\u021bi. V\u0103 vom r\u0103spunde c\u00e2t mai cur\u00e2nd posibil. V\u0103 mul\u021bumim!<\/p>","protected":false},"excerpt":{"rendered":"<p>Dac\u0103 ave\u021bi \u00eentreb\u0103ri, v\u0103 rug\u0103m s\u0103 nu ezita\u021bi s\u0103 ne contacta\u021bi. V\u0103 vom r\u0103spunde c\u00e2t mai cur\u00e2nd posibil. V\u0103 mul\u021bumim!<\/p>","protected":false},"author":1,"featured_media":690,"parent":0,"menu_order":0,"comment_status":"closed","ping_status":"closed","template":"page-templates\/page-contactus.php","meta":{"footnotes":""},"class_list":["post-84","page","type-page","status-publish","has-post-thumbnail","hentry"],"yoast_head":"<!-- This site is optimized with the Yoast SEO Premium plugin v20.4 (Yoast SEO v21.3) - https:\/\/yoast.com\/wordpress\/plugins\/seo\/ -->\n<title>Contact Us - BEST AUTO RENT<\/title>\n<meta name=\"robots\" content=\"index, follow, max-snippet:-1, max-image-preview:large, max-video-preview:-1\" \/>\n<link rel=\"canonical\" href=\"https:\/\/bestautorent.md\/ro\/contact\/\" \/>\n<meta property=\"og:locale\" content=\"ro_RO\" \/>\n<meta property=\"og:type\" content=\"article\" \/>\n<meta property=\"og:title\" content=\"Contact Us\" \/>\n<meta property=\"og:description\" content=\"If you have any questions, please fell free to get in touch with us. We will reply to you as soon as possible. Thank you!\" \/>\n<meta property=\"og:url\" content=\"https:\/\/bestautorent.md\/ro\/contact\/\" \/>\n<meta property=\"og:site_name\" content=\"BEST AUTO RENT\" \/>\n<meta property=\"article:publisher\" content=\"https:\/\/www.facebook.com\/BestAutoRent.069346067\" \/>\n<meta property=\"article:modified_time\" content=\"2023-08-30T11:46:26+00:00\" \/>\n<meta property=\"og:image\" content=\"https:\/\/bestautorent.md\/wp-content\/uploads\/2023\/08\/cropped-bgheader.jpg\" \/>\n\t<meta property=\"og:image:width\" content=\"1920\" \/>\n\t<meta property=\"og:image:height\" content=\"499\" \/>\n\t<meta property=\"og:image:type\" content=\"image\/jpeg\" \/>\n<meta name=\"twitter:card\" content=\"summary_large_image\" \/>\n<meta name=\"twitter:label1\" content=\"Timp estimat pentru citire\" \/>\n\t<meta name=\"twitter:data1\" content=\"1 minut\" \/>\n<script type=\"application\/ld+json\" class=\"yoast-schema-graph\">{\"@context\":\"https:\/\/schema.org\",\"@graph\":[{\"@type\":\"WebPage\",\"@id\":\"https:\/\/bestautorent.md\/contact\/\",\"url\":\"https:\/\/bestautorent.md\/contact\/\",\"name\":\"Contact Us - BEST AUTO RENT\",\"isPartOf\":{\"@id\":\"https:\/\/bestautorent.md\/#website\"},\"datePublished\":\"2023-07-04T07:56:36+00:00\",\"dateModified\":\"2023-08-30T11:46:26+00:00\",\"breadcrumb\":{\"@id\":\"https:\/\/bestautorent.md\/contact\/#breadcrumb\"},\"inLanguage\":\"ro-RO\",\"potentialAction\":[{\"@type\":\"ReadAction\",\"target\":[\"https:\/\/bestautorent.md\/contact\/\"]}]},{\"@type\":\"BreadcrumbList\",\"@id\":\"https:\/\/bestautorent.md\/contact\/#breadcrumb\",\"itemListElement\":[{\"@type\":\"ListItem\",\"position\":1,\"name\":\"Home\",\"item\":\"https:\/\/bestautorent.md\/\"},{\"@type\":\"ListItem\",\"position\":2,\"name\":\"Contact Us\"}]},{\"@type\":\"WebSite\",\"@id\":\"https:\/\/bestautorent.md\/#website\",\"url\":\"https:\/\/bestautorent.md\/\",\"name\":\"BEST AUTO RENT\",\"description\":\"PICK YOUR FAVORITE CAR\",\"publisher\":{\"@id\":\"https:\/\/bestautorent.md\/#organization\"},\"potentialAction\":[{\"@type\":\"SearchAction\",\"target\":{\"@type\":\"EntryPoint\",\"urlTemplate\":\"https:\/\/bestautorent.md\/?s={search_term_string}\"},\"query-input\":\"required name=search_term_string\"}],\"inLanguage\":\"ro-RO\"},{\"@type\":\"Organization\",\"@id\":\"https:\/\/bestautorent.md\/#organization\",\"name\":\"BEST AUTO RENT\",\"alternateName\":\"BEST AUTO RENT\",\"url\":\"https:\/\/bestautorent.md\/\",\"logo\":{\"@type\":\"ImageObject\",\"inLanguage\":\"ro-RO\",\"@id\":\"https:\/\/bestautorent.md\/#\/schema\/logo\/image\/\",\"url\":\"https:\/\/bestautorent.md\/wp-content\/uploads\/2023\/09\/favlogobestautorent.png\",\"contentUrl\":\"https:\/\/bestautorent.md\/wp-content\/uploads\/2023\/09\/favlogobestautorent.png\",\"width\":1200,\"height\":800,\"caption\":\"BEST AUTO RENT\"},\"image\":{\"@id\":\"https:\/\/bestautorent.md\/#\/schema\/logo\/image\/\"},\"sameAs\":[\"https:\/\/www.facebook.com\/BestAutoRent.069346067\"]}]}<\/script>\n<!-- \/ Yoast SEO Premium plugin. -->","yoast_head_json":{"title":"Contact Us - BEST AUTO RENT","robots":{"index":"index","follow":"follow","max-snippet":"max-snippet:-1","max-image-preview":"max-image-preview:large","max-video-preview":"max-video-preview:-1"},"canonical":"https:\/\/bestautorent.md\/ro\/contact\/","og_locale":"ro_RO","og_type":"article","og_title":"Contact Us","og_description":"If you have any questions, please fell free to get in touch with us. We will reply to you as soon as possible. Thank you!","og_url":"https:\/\/bestautorent.md\/ro\/contact\/","og_site_name":"BEST AUTO RENT","article_publisher":"https:\/\/www.facebook.com\/BestAutoRent.069346067","article_modified_time":"2023-08-30T11:46:26+00:00","og_image":[{"width":1920,"height":499,"url":"https:\/\/bestautorent.md\/wp-content\/uploads\/2023\/08\/cropped-bgheader.jpg","type":"image\/jpeg"}],"twitter_card":"summary_large_image","twitter_misc":{"Timp estimat pentru citire":"1 minut"},"schema":{"@context":"https:\/\/schema.org","@graph":[{"@type":"WebPage","@id":"https:\/\/bestautorent.md\/contact\/","url":"https:\/\/bestautorent.md\/contact\/","name":"Contact Us - BEST AUTO RENT","isPartOf":{"@id":"https:\/\/bestautorent.md\/#website"},"datePublished":"2023-07-04T07:56:36+00:00","dateModified":"2023-08-30T11:46:26+00:00","breadcrumb":{"@id":"https:\/\/bestautorent.md\/contact\/#breadcrumb"},"inLanguage":"ro-RO","potentialAction":[{"@type":"ReadAction","target":["https:\/\/bestautorent.md\/contact\/"]}]},{"@type":"BreadcrumbList","@id":"https:\/\/bestautorent.md\/contact\/#breadcrumb","itemListElement":[{"@type":"ListItem","position":1,"name":"Home","item":"https:\/\/bestautorent.md\/"},{"@type":"ListItem","position":2,"name":"Contact Us"}]},{"@type":"WebSite","@id":"https:\/\/bestautorent.md\/#website","url":"https:\/\/bestautorent.md\/","name":"BEST AUTO RENT","description":"PICK YOUR FAVORITE CAR","publisher":{"@id":"https:\/\/bestautorent.md\/#organization"},"potentialAction":[{"@type":"SearchAction","target":{"@type":"EntryPoint","urlTemplate":"https:\/\/bestautorent.md\/?s={search_term_string}"},"query-input":"required name=search_term_string"}],"inLanguage":"ro-RO"},{"@type":"Organization","@id":"https:\/\/bestautorent.md\/#organization","name":"BEST AUTO RENT","alternateName":"BEST AUTO RENT","url":"https:\/\/bestautorent.md\/","logo":{"@type":"ImageObject","inLanguage":"ro-RO","@id":"https:\/\/bestautorent.md\/#\/schema\/logo\/image\/","url":"https:\/\/bestautorent.md\/wp-content\/uploads\/2023\/09\/favlogobestautorent.png","contentUrl":"https:\/\/bestautorent.md\/wp-content\/uploads\/2023\/09\/favlogobestautorent.png","width":1200,"height":800,"caption":"BEST AUTO RENT"},"image":{"@id":"https:\/\/bestautorent.md\/#\/schema\/logo\/image\/"},"sameAs":["https:\/\/www.facebook.com\/BestAutoRent.069346067"]}]}},"_links":{"self":[{"href":"https:\/\/bestautorent.md\/ro\/wp-json\/wp\/v2\/pages\/84","targetHints":{"allow":["GET"]}}],"collection":[{"href":"https:\/\/bestautorent.md\/ro\/wp-json\/wp\/v2\/pages"}],"about":[{"href":"https:\/\/bestautorent.md\/ro\/wp-json\/wp\/v2\/types\/page"}],"author":[{"embeddable":true,"href":"https:\/\/bestautorent.md\/ro\/wp-json\/wp\/v2\/users\/1"}],"replies":[{"embeddable":true,"href":"https:\/\/bestautorent.md\/ro\/wp-json\/wp\/v2\/comments?post=84"}],"version-history":[{"count":0,"href":"https:\/\/bestautorent.md\/ro\/wp-json\/wp\/v2\/pages\/84\/revisions"}],"wp:featuredmedia":[{"embeddable":true,"href":"https:\/\/bestautorent.md\/ro\/wp-json\/wp\/v2\/media\/690"}],"wp:attachment":[{"href":"https:\/\/bestautorent.md\/ro\/wp-json\/wp\/v2\/media?parent=84"}],"curies":[{"name":"wp","href":"https:\/\/api.w.org\/{rel}","templated":true}]}}