{"id":843,"date":"2023-09-07T15:04:30","date_gmt":"2023-09-07T12:04:30","guid":{"rendered":"https:\/\/prowebdesign.eu\/bestautorent\/?page_id=843"},"modified":"2023-10-04T12:33:41","modified_gmt":"2023-10-04T12:33:41","slug":"terms-and-conditions","status":"publish","type":"page","link":"https:\/\/bestautorent.md\/ro\/terms-and-conditions\/","title":{"rendered":"Termeni \u0219i condi\u021bii"},"content":{"rendered":"<p><br><strong>Rezervare<\/strong><\/p>\n\n\n\n<ul class=\"wp-block-list\">\n<li>Pentru a asigura rezervarea unei ma\u0219ini, trebuie s\u0103 pl\u0103ti\u021bi integral suma de \u00eenchiriere.<\/li>\n\n\n\n<li>Rezerv\u0103rile pot fi f\u0103cute comod online pe site-ul nostru <a href=\"https:\/\/bestautorent.md\/ro\/\">www.bestautorent.md<\/a> sau personal la birou (CHI\u0218INAU, STR. KIEV 9\/1, ET.3, OF.36).<\/li>\n<\/ul>\n\n\n\n<p><strong>Plat\u0103<\/strong><\/p>\n\n\n\n<ul class=\"wp-block-list\">\n<li>Accept\u0103m plata online cu carduri de credit VISA\/MASTERCART\/AMERICANEXPRESS.<\/li>\n\n\n\n<li>Plata \u00een numerar este disponibil\u0103 la oficiu (CHI\u0218INAU, Kiev STRADA 9\/1, FL.3, OF.36)<\/li>\n\n\n\n<li>Transfer bancar pentru companii.<\/li>\n<\/ul>\n\n\n\n<p><strong>Depozit<\/strong><\/p>\n\n\n\n<ul class=\"wp-block-list\">\n<li>La ridicarea ma\u0219inii, clien\u021bii sunt obliga\u021bi s\u0103 lase o garan\u021bie pentru \u00eentreaga perioad\u0103 de \u00eenchiriere.<\/li>\n\n\n\n<li>Clien\u021bii \u00ee\u0219i vor primi garan\u021bia la returnarea ma\u0219inii \u0219i la semnarea raportului de acceptare a ma\u0219inii f\u0103r\u0103 obiec\u021bii.<\/li>\n\n\n\n<li>Depozitul trebuie pl\u0103tit doar \u00een numerar la preluarea ma\u0219inii \u0219i este, de asemenea, returnat \u00een numerar.<\/li>\n<\/ul>\n\n\n\n<p><strong>Documente<\/strong><\/p>\n\n\n\n<ul class=\"wp-block-list\">\n<li>Buletin de identitate valid.<\/li>\n\n\n\n<li>Permis de conducere valid cu o valabilitate minim\u0103 de 24 luni.<\/li>\n<\/ul>\n\n\n\n<p><strong>V\u00e2rsta \u0219oferului<\/strong><\/p>\n\n\n\n<ul class=\"wp-block-list\">\n<li>V\u00e2rsta minim\u0103 pentru \u00eenchirierea ma\u0219inii este de 23 de ani.<\/li>\n\n\n\n<li>V\u00e2rsta maxim\u0103 a \u0219oferilor este de 63 de ani.<\/li>\n<\/ul>\n\n\n\n<p><strong>Asigurare<\/strong><\/p>\n\n\n\n<ul class=\"wp-block-list\">\n<li>Toate ma\u0219inile au asigurare RCA (asigurare obligatorie de r\u0103spundere civil\u0103).<\/li>\n\n\n\n<li>\u00cen plus, pentru anumite ma\u0219ini, este disponibil\u0103 asigurare CASCO, pe care o pute\u021bi alege la efectuarea rezerv\u0103rii.<\/li>\n<\/ul>\n\n\n\n<p><strong>Traversarea Frontierelor cu Ma\u0219ina \u00cenchiriat\u0103<\/strong><\/p>\n\n\n\n<ul class=\"wp-block-list\">\n<li>Ma\u0219inile noastre de \u00eenchiriat sunt destinate utiliz\u0103rii \u00een teritoriul Republicii Moldova \u0219i \u00een Statele Membre ale Uniunii Europene.<\/li>\n\n\n\n<li>Utilizarea ma\u0219inii \u00een afara Republicii Moldova \u0219i\/sau a Statelor Membre ale Uniunii Europene este strict interzis\u0103.<\/li>\n<\/ul>\n\n\n\n<p><strong>\u00cenchirierea unei Ma\u0219ini cu \u0218ofer<\/strong><\/p>\n\n\n\n<ul class=\"wp-block-list\">\n<li>Serviciile unui \u0219ofer personal sunt disponibile la cerere \u0219i implic\u0103 costuri suplimentare.<\/li>\n\n\n\n<li>Costul combustibilului utilizat \u00een timpul \u00eenchirierii unei ma\u0219ini cu \u0219ofer trebuie pl\u0103tit separat de c\u0103tre client.<\/li>\n\n\n\n<li>Nu este necesar\u0103 o garan\u021bie c\u00e2nd \u00eenchiria\u021bi o ma\u0219in\u0103 cu \u0219ofer.<\/li>\n<\/ul>\n\n\n\n<p><strong>Kilometraj<\/strong><\/p>\n\n\n\n<ul class=\"wp-block-list\">\n<li>For a single rental day, a maximum of 300 kilometers is included in the rental price.<\/li>\n\n\n\n<li>Any mileage exceeding 300 kilometers per day will be subject to an additional charge of 0.15 EUR per kilometer.<\/li>\n<\/ul>\n\n\n\n<p><strong>Politica de Utilizare a Ma\u0219inii<\/strong><\/p>\n\n\n\n<ul class=\"wp-block-list\">\n<li>Ma\u0219ina va fi furnizat\u0103 clientului curat\u0103 \u0219i cu rezervorul plin.<\/li>\n\n\n\n<li>Clientul este responsabil pentru returnarea ma\u0219inii \u00een aceea\u0219i stare, at\u00e2t curat\u0103, c\u00e2t \u0219i cu rezervorul plin. Nep\u0103strarea acestor condi\u021bii poate duce la aplicarea urm\u0103toarelor penalit\u0103\u021bi:\n<ul class=\"wp-block-list\">\n<li>Masina returnata in stare murdara: 150-200 MDL pentru spalarea masinii<\/li>\n\n\n\n<li>Ma\u0219ina returnat\u0103 cu rezervorul neplin: o penalitate de 1,5 \u20ac per litru de combustibil.<\/li>\n\n\n\n<li>Returnarea \u00eent\u00e2rziat\u0103 a ma\u0219inii: o penalitate de 15% din suma zilnic\u0103 a \u00eenchirierii pentru fiecare or\u0103 de \u00eent\u00e2rziere.<\/li>\n\n\n\n<li>Ma\u0219ina returnat\u0103 cu kilometraj suplimentar: o penalitate de 0,15 \u20ac per kilometru.<\/li>\n\n\n\n<li>Ma\u0219ina deteriorat\u0103: se calculeaz\u0103 \u00een func\u021bie de daunele aduse ma\u0219inii.<\/li>\n<\/ul>\n<\/li>\n<\/ul>\n\n\n\n<p><\/p>","protected":false},"excerpt":{"rendered":"<p>Reservation Payment Deposit Documents Driver&#8217;s Age Insurance Crossing Borders with the Rented Car Renting a Car with a Driver Mileage Car Usage Policy<\/p>","protected":false},"author":2,"featured_media":0,"parent":0,"menu_order":0,"comment_status":"closed","ping_status":"closed","template":"","meta":{"footnotes":""},"class_list":["post-843","page","type-page","status-publish","hentry"],"yoast_head":"<!-- This site is optimized with the Yoast SEO Premium plugin v20.4 (Yoast SEO v21.3) - https:\/\/yoast.com\/wordpress\/plugins\/seo\/ -->\n<title>Terms and conditions - BEST AUTO RENT<\/title>\n<meta name=\"robots\" content=\"index, follow, max-snippet:-1, max-image-preview:large, max-video-preview:-1\" \/>\n<link rel=\"canonical\" href=\"https:\/\/bestautorent.md\/ro\/terms-and-conditions\/\" \/>\n<meta property=\"og:locale\" content=\"ro_RO\" \/>\n<meta property=\"og:type\" content=\"article\" \/>\n<meta property=\"og:title\" content=\"Terms and conditions\" \/>\n<meta property=\"og:description\" content=\"Reservation Payment Deposit Documents Driver&#8217;s Age Insurance Crossing Borders with the Rented Car Renting a Car with a Driver Mileage Car Usage Policy\" \/>\n<meta property=\"og:url\" content=\"https:\/\/bestautorent.md\/ro\/terms-and-conditions\/\" \/>\n<meta property=\"og:site_name\" content=\"BEST AUTO RENT\" \/>\n<meta property=\"article:publisher\" content=\"https:\/\/www.facebook.com\/BestAutoRent.069346067\" \/>\n<meta property=\"article:modified_time\" content=\"2023-10-04T12:33:41+00:00\" \/>\n<meta property=\"og:image\" content=\"https:\/\/bestautorent.md\/wp-content\/uploads\/2023\/08\/bestautorentloggo.png\" \/>\n\t<meta property=\"og:image:width\" content=\"772\" \/>\n\t<meta property=\"og:image:height\" content=\"288\" \/>\n\t<meta property=\"og:image:type\" content=\"image\/png\" \/>\n<meta name=\"twitter:card\" content=\"summary_large_image\" \/>\n<meta name=\"twitter:label1\" content=\"Timp estimat pentru citire\" \/>\n\t<meta name=\"twitter:data1\" content=\"2 minute\" \/>\n<script type=\"application\/ld+json\" class=\"yoast-schema-graph\">{\"@context\":\"https:\/\/schema.org\",\"@graph\":[{\"@type\":\"WebPage\",\"@id\":\"https:\/\/bestautorent.md\/terms-and-conditions\/\",\"url\":\"https:\/\/bestautorent.md\/terms-and-conditions\/\",\"name\":\"Terms and conditions - BEST AUTO RENT\",\"isPartOf\":{\"@id\":\"https:\/\/bestautorent.md\/#website\"},\"datePublished\":\"2023-09-07T12:04:30+00:00\",\"dateModified\":\"2023-10-04T12:33:41+00:00\",\"breadcrumb\":{\"@id\":\"https:\/\/bestautorent.md\/terms-and-conditions\/#breadcrumb\"},\"inLanguage\":\"ro-RO\",\"potentialAction\":[{\"@type\":\"ReadAction\",\"target\":[\"https:\/\/bestautorent.md\/terms-and-conditions\/\"]}]},{\"@type\":\"BreadcrumbList\",\"@id\":\"https:\/\/bestautorent.md\/terms-and-conditions\/#breadcrumb\",\"itemListElement\":[{\"@type\":\"ListItem\",\"position\":1,\"name\":\"Home\",\"item\":\"https:\/\/bestautorent.md\/\"},{\"@type\":\"ListItem\",\"position\":2,\"name\":\"Terms and conditions\"}]},{\"@type\":\"WebSite\",\"@id\":\"https:\/\/bestautorent.md\/#website\",\"url\":\"https:\/\/bestautorent.md\/\",\"name\":\"BEST AUTO RENT\",\"description\":\"PICK YOUR FAVORITE CAR\",\"publisher\":{\"@id\":\"https:\/\/bestautorent.md\/#organization\"},\"potentialAction\":[{\"@type\":\"SearchAction\",\"target\":{\"@type\":\"EntryPoint\",\"urlTemplate\":\"https:\/\/bestautorent.md\/?s={search_term_string}\"},\"query-input\":\"required name=search_term_string\"}],\"inLanguage\":\"ro-RO\"},{\"@type\":\"Organization\",\"@id\":\"https:\/\/bestautorent.md\/#organization\",\"name\":\"BEST AUTO RENT\",\"alternateName\":\"BEST AUTO RENT\",\"url\":\"https:\/\/bestautorent.md\/\",\"logo\":{\"@type\":\"ImageObject\",\"inLanguage\":\"ro-RO\",\"@id\":\"https:\/\/bestautorent.md\/#\/schema\/logo\/image\/\",\"url\":\"https:\/\/bestautorent.md\/wp-content\/uploads\/2023\/09\/favlogobestautorent.png\",\"contentUrl\":\"https:\/\/bestautorent.md\/wp-content\/uploads\/2023\/09\/favlogobestautorent.png\",\"width\":1200,\"height\":800,\"caption\":\"BEST AUTO RENT\"},\"image\":{\"@id\":\"https:\/\/bestautorent.md\/#\/schema\/logo\/image\/\"},\"sameAs\":[\"https:\/\/www.facebook.com\/BestAutoRent.069346067\"]}]}<\/script>\n<!-- \/ Yoast SEO Premium plugin. -->","yoast_head_json":{"title":"Terms and conditions - BEST AUTO RENT","robots":{"index":"index","follow":"follow","max-snippet":"max-snippet:-1","max-image-preview":"max-image-preview:large","max-video-preview":"max-video-preview:-1"},"canonical":"https:\/\/bestautorent.md\/ro\/terms-and-conditions\/","og_locale":"ro_RO","og_type":"article","og_title":"Terms and conditions","og_description":"Reservation Payment Deposit Documents Driver&#8217;s Age Insurance Crossing Borders with the Rented Car Renting a Car with a Driver Mileage Car Usage Policy","og_url":"https:\/\/bestautorent.md\/ro\/terms-and-conditions\/","og_site_name":"BEST AUTO RENT","article_publisher":"https:\/\/www.facebook.com\/BestAutoRent.069346067","article_modified_time":"2023-10-04T12:33:41+00:00","og_image":[{"width":772,"height":288,"url":"https:\/\/bestautorent.md\/wp-content\/uploads\/2023\/08\/bestautorentloggo.png","type":"image\/png"}],"twitter_card":"summary_large_image","twitter_misc":{"Timp estimat pentru citire":"2 minute"},"schema":{"@context":"https:\/\/schema.org","@graph":[{"@type":"WebPage","@id":"https:\/\/bestautorent.md\/terms-and-conditions\/","url":"https:\/\/bestautorent.md\/terms-and-conditions\/","name":"Terms and conditions - BEST AUTO RENT","isPartOf":{"@id":"https:\/\/bestautorent.md\/#website"},"datePublished":"2023-09-07T12:04:30+00:00","dateModified":"2023-10-04T12:33:41+00:00","breadcrumb":{"@id":"https:\/\/bestautorent.md\/terms-and-conditions\/#breadcrumb"},"inLanguage":"ro-RO","potentialAction":[{"@type":"ReadAction","target":["https:\/\/bestautorent.md\/terms-and-conditions\/"]}]},{"@type":"BreadcrumbList","@id":"https:\/\/bestautorent.md\/terms-and-conditions\/#breadcrumb","itemListElement":[{"@type":"ListItem","position":1,"name":"Home","item":"https:\/\/bestautorent.md\/"},{"@type":"ListItem","position":2,"name":"Terms and conditions"}]},{"@type":"WebSite","@id":"https:\/\/bestautorent.md\/#website","url":"https:\/\/bestautorent.md\/","name":"BEST AUTO RENT","description":"PICK YOUR FAVORITE CAR","publisher":{"@id":"https:\/\/bestautorent.md\/#organization"},"potentialAction":[{"@type":"SearchAction","target":{"@type":"EntryPoint","urlTemplate":"https:\/\/bestautorent.md\/?s={search_term_string}"},"query-input":"required name=search_term_string"}],"inLanguage":"ro-RO"},{"@type":"Organization","@id":"https:\/\/bestautorent.md\/#organization","name":"BEST AUTO RENT","alternateName":"BEST AUTO RENT","url":"https:\/\/bestautorent.md\/","logo":{"@type":"ImageObject","inLanguage":"ro-RO","@id":"https:\/\/bestautorent.md\/#\/schema\/logo\/image\/","url":"https:\/\/bestautorent.md\/wp-content\/uploads\/2023\/09\/favlogobestautorent.png","contentUrl":"https:\/\/bestautorent.md\/wp-content\/uploads\/2023\/09\/favlogobestautorent.png","width":1200,"height":800,"caption":"BEST AUTO RENT"},"image":{"@id":"https:\/\/bestautorent.md\/#\/schema\/logo\/image\/"},"sameAs":["https:\/\/www.facebook.com\/BestAutoRent.069346067"]}]}},"_links":{"self":[{"href":"https:\/\/bestautorent.md\/ro\/wp-json\/wp\/v2\/pages\/843","targetHints":{"allow":["GET"]}}],"collection":[{"href":"https:\/\/bestautorent.md\/ro\/wp-json\/wp\/v2\/pages"}],"about":[{"href":"https:\/\/bestautorent.md\/ro\/wp-json\/wp\/v2\/types\/page"}],"author":[{"embeddable":true,"href":"https:\/\/bestautorent.md\/ro\/wp-json\/wp\/v2\/users\/2"}],"replies":[{"embeddable":true,"href":"https:\/\/bestautorent.md\/ro\/wp-json\/wp\/v2\/comments?post=843"}],"version-history":[{"count":0,"href":"https:\/\/bestautorent.md\/ro\/wp-json\/wp\/v2\/pages\/843\/revisions"}],"wp:attachment":[{"href":"https:\/\/bestautorent.md\/ro\/wp-json\/wp\/v2\/media?parent=843"}],"curies":[{"name":"wp","href":"https:\/\/api.w.org\/{rel}","templated":true}]}}